{"id":34,"date":"2023-06-08T08:52:33","date_gmt":"2023-06-08T08:52:33","guid":{"rendered":"http:\/\/gestool.es\/ps\/?page_id=34"},"modified":"2025-01-13T13:44:57","modified_gmt":"2025-01-13T13:44:57","slug":"descargas","status":"publish","type":"page","link":"https:\/\/gestool.es\/ps\/descargas\/","title":{"rendered":"Productos"},"content":{"rendered":"<table>\n<tbody>\n<tr>\n<td valign=\"top\" width=\"25%\"><img loading=\"lazy\" decoding=\"async\" src=\"https:\/\/gestool.es\/ps\/wp-content\/uploads\/2023\/06\/Gestoolstandard.bmp\" alt=\"\" width=\"192\" height=\"300\"><\/td>\n<td width=\"75%\">\n<h2>Gestool Lite<\/h2>\n<p>Gestool Lite es la versi\u00f3n m\u00e1s peque\u00f1a de la familia Gestool Software.<br>Con la instalaci\u00f3n de Gestool Lite tendr\u00e1 opciones para crear una empresa y tres almacenes, le ofrece una gesti\u00f3n completa de compras, ventas, pagos, cobros, stokcs, galer\u00eda de informes, &#8230;<br>Gestool Lite le permite trabajar con tres equipos simult\u00e1neamente, esta es la versi\u00f3n indicada para empresas que inician su actividad o micro-pymes.<\/p>\n<h4><b>P.V.P. 249\u20ac + I.V.A.<\/b><\/h4>\n<p><a href=\"https:\/\/www.gestool.es\/download\/GestoolInstalacionLite.exe\">Descargar<\/a><\/p>\n<\/td>\n<\/tr>\n<\/tbody>\n<\/table>\n<hr>\n<table>\n<tbody>\n<tr>\n<td width=\"75%\">\n<h2>Gestool Profesional<\/h2>\n<p>Gestool en su versi\u00f3n Profesional es la opci\u00f3n m\u00e1s completa de nuestra familia de software.<br>La versi\u00f3n profesional es la recomendada para una peque\u00f1a y mediana empresa, ya que no hay l\u00edmites al la hora de crear empresas, almacenes o usuarios.<br>A diferencia con la versi\u00f3n Lite, cuenta con una secci\u00f3n de producci\u00f3n, con la cual se mecaniza todo el proceso desde que llega la materia prima, hasta que obtenemos un producto elaborado; teniendo siempre en cuenta la trazabilidad de los productos, stocks, estudio de costos y rentabilidades, &#8230;<br>Cuenta adem\u00e1s con una galer\u00eda de informes muy amplia, todos ellos personalizables, para poder hacer un estudio mucho mas exhaustivo de nuestra empresa ( costos, rentabilidades, informes anuales&#8230;. )<\/p>\n<h4><b>P.V.P. 499\u20ac + I.V.A.<\/b><\/h4>\n<p><a href=\"https:\/\/www.gestool.es\/download\/GestoolInstalacionProfesional.exe\">Descargar<\/a><\/p>\n<\/td>\n<td valign=\"top\" width=\"25%\"><img loading=\"lazy\" decoding=\"async\" src=\"https:\/\/gestool.es\/ps\/wp-content\/uploads\/2023\/06\/Gestoolpro.bmp\" alt=\"\" width=\"192\" height=\"300\"><\/td>\n<\/tr>\n<\/tbody>\n<\/table>\n<hr>\n<table>\n<tbody>\n<tr>\n<td valign=\"top\" width=\"25%\"><img loading=\"lazy\" decoding=\"async\" src=\"https:\/\/gestool.es\/ps\/wp-content\/uploads\/2023\/06\/Gestoolprestashop.bmp\" alt=\"\" width=\"230\" height=\"360\"><\/td>\n<td width=\"75%\">\n<h2>Gestool e-commerce<\/h2>\n<p>La versi\u00f3n e-commerce de la familia Gestool Software cuenta con, adem\u00e1s de toda la potencia de la versi\u00f3n Profesional, un conector con una web creada con varios ecommerces del mercado.<br>Con nuestro conector podr\u00e1 actualizar art\u00edculos de su comercio electr\u00f3nico, precios, descripciones, im\u00e1genes, familias, &#8230; para que de manera autom\u00e1tica aparezcan en su web.<br>Descargue sus pedidos y presupuestos e int\u00e9grelos en el su sistema de gesti\u00f3n sin necesidad de teclear nada, obteniendo el control de la venta desde ese momento desde Gestool.<\/p>\n<h4><b>P.V.P. 899\u20ac + I.V.A.<\/b><\/h4>\n<p><a href=\"https:\/\/www.gestool.es\/download\/GestoolInstalacionPrestashop.exe\">Descargar<\/a><\/p>\n<\/td>\n<\/tr>\n<\/tbody>\n<\/table>\n<hr>\n<p>Para cualquier consulta sobre nuestros productos, p\u00f3ngase en contacto con nosotros mediante el siguiente formulario y nos contactaremos con usted con la mayor brevedad posible.<\/p>\n<p><!--[contact-form-7 id=\"216\" title=\"Descarga\"]--><\/p>\n<p><style id=\"wpforms-css-vars-root\">\n\t\t\t\t:root {\n\t\t\t\t\t--wpforms-field-border-radius: 3px;\n--wpforms-field-background-color: #ffffff;\n--wpforms-field-border-color: rgba( 0, 0, 0, 0.25 );\n--wpforms-field-text-color: rgba( 0, 0, 0, 0.7 );\n--wpforms-label-color: rgba( 0, 0, 0, 0.85 );\n--wpforms-label-sublabel-color: rgba( 0, 0, 0, 0.55 );\n--wpforms-label-error-color: #d63637;\n--wpforms-button-border-radius: 3px;\n--wpforms-button-background-color: #066aab;\n--wpforms-button-text-color: #ffffff;\n--wpforms-field-size-input-height: 43px;\n--wpforms-field-size-input-spacing: 15px;\n--wpforms-field-size-font-size: 16px;\n--wpforms-field-size-line-height: 19px;\n--wpforms-field-size-padding-h: 14px;\n--wpforms-field-size-checkbox-size: 16px;\n--wpforms-field-size-sublabel-spacing: 5px;\n--wpforms-field-size-icon-size: 1;\n--wpforms-label-size-font-size: 16px;\n--wpforms-label-size-line-height: 19px;\n--wpforms-label-size-sublabel-font-size: 14px;\n--wpforms-label-size-sublabel-line-height: 17px;\n--wpforms-button-size-font-size: 17px;\n--wpforms-button-size-height: 41px;\n--wpforms-button-size-padding-h: 15px;\n--wpforms-button-size-margin-top: 10px;\n\n\t\t\t\t}\n\t\t\t<\/style><div class=\"wpforms-container wpforms-container-full wpforms-block wpforms-block-370a42fd-74c3-40d4-b2eb-a74c809e9181 wpforms-render-modern\" id=\"wpforms-43\"><form id=\"wpforms-form-43\" class=\"wpforms-validate wpforms-form wpforms-ajax-form\" data-formid=\"43\" method=\"post\" enctype=\"multipart\/form-data\" action=\"\/ps\/wp-json\/wp\/v2\/pages\/34\" data-token=\"143e8d74813530edfbafc22ef414d1dd\"><noscript class=\"wpforms-error-noscript\">Por favor, activa JavaScript en tu navegador para completar este formulario.<\/noscript><div class=\"wpforms-hidden\" id=\"wpforms-error-noscript\">Por favor, activa JavaScript en tu navegador para completar este formulario.<\/div><div class=\"wpforms-field-container\"><div id=\"wpforms-43-field_0-container\" class=\"wpforms-field wpforms-field-name\" data-field-id=\"0\"><fieldset><legend class=\"wpforms-field-label\">Nombre <span class=\"wpforms-required-label\" aria-hidden=\"true\">*<\/span><\/legend><div class=\"wpforms-field-row wpforms-field-medium\"><div class=\"wpforms-field-row-block wpforms-first wpforms-one-half\"><input type=\"text\" id=\"wpforms-43-field_0\" class=\"wpforms-field-name-first wpforms-field-required\" name=\"wpforms[fields][0][first]\" aria-errormessage=\"wpforms-43-field_0-error\" required><label for=\"wpforms-43-field_0\" class=\"wpforms-field-sublabel after \">Nombre<\/label><\/div><div class=\"wpforms-field-row-block wpforms-one-half\"><input type=\"text\" id=\"wpforms-43-field_0-last\" class=\"wpforms-field-name-last wpforms-field-required\" name=\"wpforms[fields][0][last]\" aria-errormessage=\"wpforms-43-field_0-last-error\" required><label for=\"wpforms-43-field_0-last\" class=\"wpforms-field-sublabel after \">Apellidos<\/label><\/div><\/div><\/fieldset><\/div><div id=\"wpforms-43-field_1-container\" class=\"wpforms-field wpforms-field-email\" data-field-id=\"1\"><label class=\"wpforms-field-label\" for=\"wpforms-43-field_1\">Correo electr\u00f3nico <span class=\"wpforms-required-label\" aria-hidden=\"true\">*<\/span><\/label><input type=\"email\" id=\"wpforms-43-field_1\" class=\"wpforms-field-medium wpforms-field-required\" name=\"wpforms[fields][1]\" spellcheck=\"false\" aria-errormessage=\"wpforms-43-field_1-error\" required><\/div><div id=\"wpforms-43-field_2-container\" class=\"wpforms-field wpforms-field-textarea\" data-field-id=\"2\"><label class=\"wpforms-field-label\" for=\"wpforms-43-field_2\">Comentario o mensaje<\/label><textarea id=\"wpforms-43-field_2\" class=\"wpforms-field-medium\" name=\"wpforms[fields][2]\" aria-errormessage=\"wpforms-43-field_2-error\" ><\/textarea><\/div><\/div><!-- .wpforms-field-container --><div class=\"wpforms-recaptcha-container wpforms-is-recaptcha\" ><div class=\"g-recaptcha\" data-sitekey=\"6LeNthoqAAAAAP9hn0pSHKp2v8z8YdWlD4i14f5t\"><\/div><input type=\"text\" name=\"g-recaptcha-hidden\" class=\"wpforms-recaptcha-hidden\" style=\"position:absolute!important;clip:rect(0,0,0,0)!important;height:1px!important;width:1px!important;border:0!important;overflow:hidden!important;padding:0!important;margin:0!important;\" data-rule-recaptcha=\"1\"><\/div><div class=\"wpforms-submit-container\" ><input type=\"hidden\" name=\"wpforms[id]\" value=\"43\"><input type=\"hidden\" name=\"wpforms[author]\" value=\"1\"><button type=\"submit\" name=\"wpforms[submit]\" id=\"wpforms-submit-43\" class=\"wpforms-submit\" data-alt-text=\"Enviando...\" data-submit-text=\"Enviar\" aria-live=\"assertive\" value=\"wpforms-submit\">Enviar<\/button><img loading=\"lazy\" decoding=\"async\" src=\"https:\/\/gestool.es\/ps\/wp-content\/plugins\/wpforms-lite\/assets\/images\/submit-spin.svg\" class=\"wpforms-submit-spinner\" style=\"display: none;\" width=\"26\" height=\"26\" alt=\"Cargando\"><\/div><\/form><\/div>  <!-- .wpforms-container --><\/p>","protected":false},"excerpt":{"rendered":"<p>Gestool Lite Gestool Lite es la versi\u00f3n m\u00e1s peque\u00f1a de la familia Gestool Software.Con la instalaci\u00f3n de Gestool Lite tendr\u00e1 opciones para crear una empresa y tres almacenes, le ofrece una gesti\u00f3n completa de compras, ventas, pagos, cobros, stokcs, galer\u00eda de informes, &#8230;Gestool Lite le permite trabajar con tres equipos simult\u00e1neamente, esta es la versi\u00f3n [&hellip;]<\/p>\n","protected":false},"author":1,"featured_media":0,"parent":0,"menu_order":2,"comment_status":"closed","ping_status":"closed","template":"","meta":{"footnotes":""},"class_list":["post-34","page","type-page","status-publish","hentry"],"jetpack_sharing_enabled":true,"_links":{"self":[{"href":"https:\/\/gestool.es\/ps\/wp-json\/wp\/v2\/pages\/34","targetHints":{"allow":["GET"]}}],"collection":[{"href":"https:\/\/gestool.es\/ps\/wp-json\/wp\/v2\/pages"}],"about":[{"href":"https:\/\/gestool.es\/ps\/wp-json\/wp\/v2\/types\/page"}],"author":[{"embeddable":true,"href":"https:\/\/gestool.es\/ps\/wp-json\/wp\/v2\/users\/1"}],"replies":[{"embeddable":true,"href":"https:\/\/gestool.es\/ps\/wp-json\/wp\/v2\/comments?post=34"}],"version-history":[{"count":16,"href":"https:\/\/gestool.es\/ps\/wp-json\/wp\/v2\/pages\/34\/revisions"}],"predecessor-version":[{"id":204,"href":"https:\/\/gestool.es\/ps\/wp-json\/wp\/v2\/pages\/34\/revisions\/204"}],"wp:attachment":[{"href":"https:\/\/gestool.es\/ps\/wp-json\/wp\/v2\/media?parent=34"}],"curies":[{"name":"wp","href":"https:\/\/api.w.org\/{rel}","templated":true}]}}