{"id":2,"date":"2023-06-08T08:27:19","date_gmt":"2023-06-08T08:27:19","guid":{"rendered":"http:\/\/gestooc.cluster030.hosting.ovh.net\/ps\/?page_id=2"},"modified":"2024-07-30T11:44:21","modified_gmt":"2024-07-30T11:44:21","slug":"pagina-ejemplo","status":"publish","type":"page","link":"https:\/\/gestool.es\/ps\/","title":{"rendered":"Gestool"},"content":{"rendered":"\n<p><\/p>\n\n\n<p>Gestool es el software de gesti\u00f3n empresarial, facturaci\u00f3n, compras, stocks, ventas, T.P.V. (punto de venta), cobros y pagos para comercios, peque\u00f1as y medianas empresas, m\u00e1s completo y sencillo.\n\nEs muy f\u00e1cil de configurar y con un interface c\u00f3modo y simple que permite sacar partido a la aplicaci\u00f3n muy r\u00e1pidamente.\n\nEs un software de facturaci\u00f3n muy completo que puede cubrir cualquier necesidad como aut\u00f3nomo o que tenga tu pyme, con funcionalidades muy avanzadas para que tu empresa nunca se quede atr\u00e1s.\n\nNos avalan mas de 25 a\u00f1os de experiencia en la creaci\u00f3n de software empresarial.\n\n<a class=\"enlaceboton\" href=\"https:\/\/www.gestool.es\/download\/GestoolInstalacionProfesional.exe\">Descargar demo<\/a>\n<\/p>\n\n\n\n<p><center><img decoding=\"async\" class=\"alignnone size-medium wp-image-64\" src=\"http:\/\/gestool.es\/ps\/wp-content\/uploads\/2024\/07\/Captura.png\" alt=\"\" width=\"50%\" height=\"50%\"><\/center>\n<\/p>\n\n\n\n<p><\/p>\n\n\n\n<h2 class=\"wp-block-heading\">&#8211; Controla tus ventas, sean del tipo que sean con tu programa de facturaci\u00f3n.<\/h2>\n\n\n<table>\n<tbody>\n<tr>\n<td valign=\"top\" width=\"55%\">\n\n<p>Gestool ofrece un ciclo de ventas completo, que incluye la gesti\u00f3n de presupuestos, pedidos, albaranes, facturas, rectificativas y simplificadas. Puedes controlar el importe pendiente de cobro, liquidar comisiones a agentes, gestionar los anticipos y establecer avisos de superaci\u00f3n de riesgos.<\/p>\n\n\n<ul class=\"wp-block-list\">\n<li>Facturas, rectificativas, simplificadas, pedidos, presupuestos y albaranes.<\/li>\n\n\n\n<li>Gesti\u00f3n de cobro, remesas, recibos, anticipos.<\/li>\n\n\n\n<li>Facturaci\u00f3n peri\u00f3dica o en bloque.<\/li>\n\n\n\n<li>Facturaci\u00f3n electr\u00f3nica ( Facturae 3.2 )<\/li>\n\n\n\n<li>Condiciones especiales de venta y ofertas.<\/li>\n\n\n\n<li>Env\u00edo de documentos por mail.<\/li>\n\n\n\n<li>Generaci\u00f3n autom\u00e1tica de facturas y recibos.<\/li>\n\n\n\n<li>Trazabilidad alimenticia con n\u00fameros de lotes, con informes oficiales de b\u00fasquedas de lote.<\/li>\n\n\n\n<li>Tarifas personalizadas de clientes.<\/li>\n<\/ul>\n\n<\/td>\n<td width=\"45%\">\n\n<p><center><img decoding=\"async\" class=\"alignnone size-medium wp-image-64\" src=\"http:\/\/gestool.es\/ps\/wp-content\/uploads\/2024\/07\/1.png\" alt=\"\" width=\"100%\" height=\"100%\"><\/center>\n<\/p>\n\n<\/td>\n<\/tr>\n<\/tbody>\n<\/table>\n\n\n<h2 class=\"wp-block-heading\">&#8211; Control de inventario en m\u00faltiples almacenes con Gestool.<\/h2>\n\n\n<table>\n<tbody>\n<tr>\n<td valign=\"top\" width=\"55%\">\n\n<p>Gestool ofrece una gesti\u00f3n completa del inventario, reflejando la situaci\u00f3n real de tu almac\u00e9n, pudiendo anticiparte a la falta de productos y evitar as\u00ed p\u00e9rdida en las ventas.<\/p>\n\n\n\n<ul class=\"wp-block-list\">\n<li>Organizaci\u00f3n de art\u00edculos en secciones, familias, tallas, colores, indicar serie y lote, unidades de medida, dimensiones, peso\u2026.<\/li>\n\n\n\n<li>Visualiza informaci\u00f3n sobre pedidos pendientes de recepcionar, cantidad de producto entrante y necesidades de abastecimiento.<\/li>\n\n\n\n<li>Visualiza informes de inventario m\u00ednimos en m\u00faltiples almacenes.<\/li>\n<\/ul>\n\n<\/td>\n<td width=\"45%\">\n\n<p><center><img decoding=\"async\" class=\"alignnone size-medium wp-image-64\" src=\"http:\/\/gestool.es\/ps\/wp-content\/uploads\/2024\/07\/2.png\" alt=\"\" width=\"100%\" height=\"100%\"><\/center>\n<\/p>\n\n<\/td>\n<\/tr>\n<\/tbody>\n<\/table>\n\n\n<h2 class=\"wp-block-heading\">&#8211; Gesti\u00f3n de producci\u00f3n de art\u00edculos.<\/h2>\n\n\n<table>\n<tbody>\n<tr>\n<td valign=\"top\" width=\"55%\">\n\n<p>Gestool cuenta con una gesti\u00f3n integral de la producci\u00f3n de material.<\/p>\n\n\n\n<ul class=\"wp-block-list\">\n<li>Partes de producci\u00f3n con informaci\u00f3n de tiempos empleados.<\/li>\n\n\n\n<li>Control de lotes.<\/li>\n\n\n\n<li>Estudio de costes de producci\u00f3n.<\/li>\n\n\n\n<li>Gesti\u00f3n de costes de trabajadores.<\/li>\n<\/ul>\n\n<\/td>\n<td width=\"45%\">\n\n<p><center><img decoding=\"async\" class=\"alignnone size-medium wp-image-64\" src=\"http:\/\/gestool.es\/ps\/wp-content\/uploads\/2024\/07\/3.png\" alt=\"\" width=\"100%\" height=\"100%\"><\/center>\n<\/p>\n\n<\/td>\n<\/tr>\n<\/tbody>\n<\/table>\n\n\n<h2 class=\"wp-block-heading\">&#8211; Gesti\u00f3n de cobros y pagos<\/h2>\n\n\n<table>\n<tbody>\n<tr>\n<td valign=\"top\" width=\"55%\">\n\n<ul class=\"wp-block-list\">\n<li>Gesti\u00f3n de m\u00faltiples formas de pago.<\/li>\n\n\n\n<li>Control de vencimientos de cobros y pagos.<\/li>\n\n\n\n<li>Generaci\u00f3n de remesas bancarias<\/li>\n\n\n\n<li>Liquidaci\u00f3n de comisiones de agentes<\/li>\n<\/ul>\n\n<\/td>\n<td width=\"45%\">\n\n<p><center><img decoding=\"async\" class=\"alignnone size-medium wp-image-64\" src=\"http:\/\/gestool.es\/ps\/wp-content\/uploads\/2024\/07\/4.png\" alt=\"\" width=\"100%\" height=\"100%\"><\/center>\n<\/p>\n\n<\/td>\n<\/tr>\n<\/tbody>\n<\/table>\n\n\n<h2 class=\"wp-block-heading\">&#8211; Crea informes y documentos personalizados con Gestool<\/h2>\n\n\n<table>\n<tbody>\n<tr>\n<td valign=\"top\" width=\"55%\">\n\n<p>A partir de los datos almacenados en Gestool, puedes generar informes personalizados y exportarlos en PDF o XLSX. Utiliza el dise\u00f1ador para crear informes y documentos que cumplan exactamente tus necesidades.<\/p>\n\n\n\n<ul class=\"wp-block-list\">\n<li>Dise\u00f1ador de documentos<\/li>\n\n\n\n<li>Dise\u00f1o de etiquetas personalizadas<\/li>\n\n\n\n<li>Exportaci\u00f3n de datos en formato PDF o XLSX<\/li>\n\n\n\n<li>Filtros personalizados<\/li>\n<\/ul>\n\n<\/td>\n<td width=\"45%\">\n\n<p><center><img decoding=\"async\" class=\"alignnone size-medium wp-image-64\" src=\"http:\/\/gestool.es\/ps\/wp-content\/uploads\/2024\/07\/5.png\" alt=\"\" width=\"100%\" height=\"100%\"><\/center>\n<\/p>\n\n<\/td>\n<\/tr>\n<\/tbody>\n<\/table>\n\n\n<h2 class=\"wp-block-heading\">&#8211; Gestool enlaza con tus otras herramientas<\/h2>\n\n\n<table>\n<tbody>\n<tr>\n<td valign=\"top\" width=\"55%\">\n\n<p>Gestool permite exportar e importar todo tipo de informes y documentos a formatos PDF y XLSX, as\u00ed como enviarlos a trav\u00e9s de tu gestor de correo electr\u00f3nico.<\/p>\n\n\n\n<ul class=\"wp-block-list\">\n<li>Enlaces con software de contabilidad ( Contasol, A3Con, Sage 50, Sage despacho, Monitor inform\u00e1tica\u2026 )<\/li>\n\n\n\n<li>Enlace con ecommerce ( Prestashop, WordPress\u2026 )<\/li>\n<\/ul>\n\n<\/td>\n<td width=\"45%\">\n\n<p><center><img decoding=\"async\" class=\"alignnone size-medium wp-image-64\" src=\"http:\/\/gestool.es\/ps\/wp-content\/uploads\/2024\/07\/6.png\" alt=\"\" width=\"100%\" height=\"100%\"><\/center>\n<\/p>\n\n<\/td>\n<\/tr>\n<\/tbody>\n<\/table>","protected":false},"excerpt":{"rendered":"<p>Gestool es el software de gesti\u00f3n empresarial, facturaci\u00f3n, compras, stocks, ventas, T.P.V. (punto de venta), cobros y pagos para comercios, peque\u00f1as y medianas empresas, m\u00e1s completo y sencillo. Es muy f\u00e1cil de configurar y con un interface c\u00f3modo y simple que permite sacar partido a la aplicaci\u00f3n muy r\u00e1pidamente. Es un software de facturaci\u00f3n muy [&hellip;]<\/p>\n","protected":false},"author":1,"featured_media":0,"parent":0,"menu_order":1,"comment_status":"closed","ping_status":"closed","template":"","meta":{"footnotes":""},"class_list":["post-2","page","type-page","status-publish","hentry"],"jetpack_sharing_enabled":true,"_links":{"self":[{"href":"https:\/\/gestool.es\/ps\/wp-json\/wp\/v2\/pages\/2","targetHints":{"allow":["GET"]}}],"collection":[{"href":"https:\/\/gestool.es\/ps\/wp-json\/wp\/v2\/pages"}],"about":[{"href":"https:\/\/gestool.es\/ps\/wp-json\/wp\/v2\/types\/page"}],"author":[{"embeddable":true,"href":"https:\/\/gestool.es\/ps\/wp-json\/wp\/v2\/users\/1"}],"replies":[{"embeddable":true,"href":"https:\/\/gestool.es\/ps\/wp-json\/wp\/v2\/comments?post=2"}],"version-history":[{"count":39,"href":"https:\/\/gestool.es\/ps\/wp-json\/wp\/v2\/pages\/2\/revisions"}],"predecessor-version":[{"id":196,"href":"https:\/\/gestool.es\/ps\/wp-json\/wp\/v2\/pages\/2\/revisions\/196"}],"wp:attachment":[{"href":"https:\/\/gestool.es\/ps\/wp-json\/wp\/v2\/media?parent=2"}],"curies":[{"name":"wp","href":"https:\/\/api.w.org\/{rel}","templated":true}]}}