{"id":145,"date":"2023-10-17T08:58:29","date_gmt":"2023-10-17T08:58:29","guid":{"rendered":"https:\/\/gestool.es\/ps\/?page_id=145"},"modified":"2024-05-09T08:30:22","modified_gmt":"2024-05-09T08:30:22","slug":"historial-de-versiones","status":"publish","type":"page","link":"https:\/\/gestool.es\/ps\/historial-de-versiones\/","title":{"rendered":"Historial de versiones"},"content":{"rendered":"<p>&#8211; Gestool 2K8 (2008): Esta versi\u00f3n fue la primera en a\u00f1adir la funcionalidad de TPV como gran centro de venta, donde se pod\u00edan realizar no solo tickets, tambi\u00e9n albaranes y facturas.<\/p>\n<p>&#8211; Gestool 2K10 (2010): En esta versi\u00f3n se a\u00f1adieron los m\u00f3dulos de producci\u00f3n y fabricaci\u00f3n.<\/p>\n<p>&#8211; Gestool 2K12 (2012): Nuevo gestor de base de datos basado en ADS para un mejor rendimiento.<\/p>\n<p>&#8211; Gestool 2K14 (2014): Creaci\u00f3n del conector con Prestashop para conectar tu tienda online con Gestool, (productos, categor\u00edas, pedidos), todo sincronizado desde Gestool.<\/p>\n<p>&#8211; Gestool 2K15 (2015): Creaci\u00f3n de script externos para realizar acciones automatizadas en el momento de la creaci\u00f3n, modificaci\u00f3n, o eliminaci\u00f3n de cualquier registro.<\/p>\n<p>&#8211; Gestool 2K16 (2016): Se incorpora la librer\u00eda Fastreport la personalizaci\u00f3n de informes y la generaci\u00f3n de salidas en formatos PDF y Excel.<\/p>\n<p>&#8211; Gestool 2K17 (2017): Con esta versi\u00f3n se crea Gestool Tablet, una aplicaci\u00f3n para la venta en modo tablet, ideal para autoventa y preventistas.<\/p>\n<p>&#8211; Gestool 2K18 (2018): Esta versi\u00f3n mejor\u00f3 la usabilidad, y se corrigieron los errores de perdida de memoria, y se mejoro la gesti\u00f3n de los recursos gr\u00e1ficos.<\/p>\n<p>&#8211; Gestool 2K19 (2019): En esta versi\u00f3n se mejor\u00f3 el env\u00edo masivo de documentos por correo electr\u00f3nico, con la posibilidad de seleccionar una colecci\u00f3n de elementos a enviar.<\/p>\n<p>&#8211; Gestool 2K20 (2020): Esta versi\u00f3n a\u00f1adi\u00f3 mejoras en la personalizaci\u00f3n de informes, se crean las exportaciones contables a Sage 50 y A3.<\/p>\n<p>&#8211; Gestool 2K21 (2021): En esta versi\u00f3n se mejor\u00f3 la experiencia de usuario, la integraci\u00f3n con aplicaciones de terceros y se a\u00f1adieron funcionalidades como la gesti\u00f3n de presupuestos a proveedores.<\/p>\n<p>&#8211; Gestool 2K23 (2023): En esta versi\u00f3n se crea la versi\u00f3n para Android del punto de venta y se integra con Gestool, adem\u00e1s de la creaci\u00f3n de nuevos formatos de etiquetas con c\u00f3digos QR, para una lectura mejorada.<\/p>\n<p>&#8211; Gestool 2K24 (2024): En esta versi\u00f3n se contemplan actualizaciones para la nueva ley antifraude. Adem\u00e1s se adoptan mejoras para la impresi\u00f3n de etiquetas.<\/p>\n","protected":false},"excerpt":{"rendered":"<p>&#8211; Gestool 2K8 (2008): Esta versi\u00f3n fue la primera en a\u00f1adir la funcionalidad de TPV como gran centro de venta, donde se pod\u00edan realizar no solo tickets, tambi\u00e9n albaranes y facturas. &#8211; Gestool 2K10 (2010): En esta versi\u00f3n se a\u00f1adieron los m\u00f3dulos de producci\u00f3n y fabricaci\u00f3n. &#8211; Gestool 2K12 (2012): Nuevo gestor de base de [&hellip;]<\/p>\n","protected":false},"author":1,"featured_media":0,"parent":0,"menu_order":0,"comment_status":"closed","ping_status":"closed","template":"","meta":{"footnotes":""},"class_list":["post-145","page","type-page","status-publish","hentry"],"jetpack_sharing_enabled":true,"_links":{"self":[{"href":"https:\/\/gestool.es\/ps\/wp-json\/wp\/v2\/pages\/145","targetHints":{"allow":["GET"]}}],"collection":[{"href":"https:\/\/gestool.es\/ps\/wp-json\/wp\/v2\/pages"}],"about":[{"href":"https:\/\/gestool.es\/ps\/wp-json\/wp\/v2\/types\/page"}],"author":[{"embeddable":true,"href":"https:\/\/gestool.es\/ps\/wp-json\/wp\/v2\/users\/1"}],"replies":[{"embeddable":true,"href":"https:\/\/gestool.es\/ps\/wp-json\/wp\/v2\/comments?post=145"}],"version-history":[{"count":5,"href":"https:\/\/gestool.es\/ps\/wp-json\/wp\/v2\/pages\/145\/revisions"}],"predecessor-version":[{"id":152,"href":"https:\/\/gestool.es\/ps\/wp-json\/wp\/v2\/pages\/145\/revisions\/152"}],"wp:attachment":[{"href":"https:\/\/gestool.es\/ps\/wp-json\/wp\/v2\/media?parent=145"}],"curies":[{"name":"wp","href":"https:\/\/api.w.org\/{rel}","templated":true}]}}